{"id":2613,"date":"2024-03-18T11:43:38","date_gmt":"2024-03-18T11:43:38","guid":{"rendered":"https:\/\/protestsurfcenter.com\/politica-de-privacidad\/"},"modified":"2024-07-18T09:35:07","modified_gmt":"2024-07-18T09:35:07","slug":"politica-de-privacidad","status":"publish","type":"page","link":"https:\/\/protestsurfcenter.com\/es\/politica-de-privacidad\/","title":{"rendered":"Pol\u00edtica de privacidad"},"content":{"rendered":"<p>[et_pb_section fb_built=\u00bb1&#8243; _builder_version=\u00bb4.25.1&#8243; _module_preset=\u00bbdefault\u00bb global_colors_info=\u00bb{}\u00bb][et_pb_row _builder_version=\u00bb4.25.1&#8243; _module_preset=\u00bbdefault\u00bb global_colors_info=\u00bb{}\u00bb][et_pb_column type=\u00bb4_4&#8243; _builder_version=\u00bb4.25.1&#8243; _module_preset=\u00bbdefault\u00bb global_colors_info=\u00bb{}\u00bb][et_pb_text _builder_version=\u00bb4.26.0&#8243; _module_preset=\u00bbdefault\u00bb text_font=\u00bb|300|||||||\u00bb text_font_size=\u00bb18px\u00bb text_line_height=\u00bb1.4em\u00bb hover_enabled=\u00bb0&#8243; header_font_size_tablet=\u00bb\u00bb header_font_size_phone=\u00bb40px\u00bb header_font_size_last_edited=\u00bbon|phone\u00bb header_2_font_size_tablet=\u00bb\u00bb header_2_font_size_phone=\u00bb30px\u00bb header_2_font_size_last_edited=\u00bbon|phone\u00bb global_colors_info=\u00bb{}\u00bb sticky_enabled=\u00bb0&#8243;]<\/p>\n<h1>CONFIDENCIALIDAD Y POL\u00cdTICA DE PRIVACIDAD<\/h1>\n<p>OCEAN SPIRIT SLU \/ PROTEST SURFCENTER, a trav\u00e9s de su web <a href=\"https:\/\/protestsurfcenter.com\/\">protestsurfcenter.com<\/a> solicita al Usuario ciertos datos de car\u00e1cter personal. Los datos suministrados por el Usuario quedar\u00e1n incorporados a un fichero automatizado o no de datos de car\u00e1cter personal, titularidad de OCEAN SPIRIT SLU, el cual ser\u00e1 procesado con el fin de prestar los servicios solicitados por el Usuario y para la gesti\u00f3n y registro de las operaciones suscritas entre las partes.<\/p>\n<p>La informaci\u00f3n personal recabada de los usuarios registrados es almacenada en una base de datos propiedad de OCEAN SPIRIT SLU, que asume las medidas de \u00edndole t\u00e9cnica, organizativa y de seguridad que garanticen la confidencialidad e integridad de la informaci\u00f3n de acuerdo con lo establecido en la Ley Org\u00e1nica 15\/1999 de 13 de diciembre, de Protecci\u00f3n de Datos de Car\u00e1cter Personal, y dem\u00e1s legislaci\u00f3n aplicable.<\/p>\n<p>OCEAN SPIRIT SLU \/ PROTEST SURFCENTER utilizar\u00e1 cookies cuando el Usuario navegue por la web site <a href=\"https:\/\/protestsurfcenter.com\/\">protestsurfcenter.com<\/a> . Las cookies se asocian \u00fanicamente con un Usuario an\u00f3nimo y su ordenador y no proporcionan referencias que permitan deducir el nombre y apellidos del Usuario. Gracias a las cookies, resulta posible que <a href=\"https:\/\/protestsurfcenter.com\/\">protestsurfcenter.com<\/a> reconozca a los Usuarios registrados despu\u00e9s de que \u00e9stos se hayan registrado por primera vez, sin que tengan que registrarse en cada visita para acceder a las \u00e1reas y servicios reservados exclusivamente a ellos. El Usuario tiene la opci\u00f3n de impedir la generaci\u00f3n de cookies, mediante la selecci\u00f3n de la correspondiente opci\u00f3n en su programa navegador.<\/p>\n<p>Asimismo, en cumplimiento de lo establecido en el art\u00edculo 22 de la Ley 34\/2002, de 11 de julio, de servicios de la sociedad de la informaci\u00f3n y comercio electr\u00f3nico (LSSICE), OCEAN SPIRIT SLU \/ PROTEST SURFCENTER comunica a los titulares de los datos su intenci\u00f3n de enviarles comunicaciones comerciales por correo electr\u00f3nico o por cualquier otro medio de comunicaci\u00f3n electr\u00f3nica equivalente. Si no desea que sus datos sean tratados para la finalidad aqu\u00ed descrita, por favor, marque la casilla habilitada al efecto.<\/p>\n<p>El consentimiento aqu\u00ed prestado por el Titular para comunicaci\u00f3n de datos tiene car\u00e1cter revocable en todo momento, sin efectos retroactivos.<\/p>\n<p>Cualquier usuario registrado puede ejercitar los derechos de acceso, rectificaci\u00f3n, cancelaci\u00f3n y oposici\u00f3n previstos en la Ley, dirigi\u00e9ndose, por cualquier medio que permita acreditar el env\u00edo y la recepci\u00f3n, LOPD. Comunic\u00e1ndolo expresamente al responsable del fichero, dirigi\u00e9ndose con fotocopia de su DNI, a OCEAN SPIRIT SLU, calle Pedro y Guy Vandaele 19, 35660 Corralejo, Las Palmas, Espa\u00f1a. O bien mediante correo electr\u00f3nico a <a href=\"mailto:info@protestsurfcenter.com\">info@protestsurfcenter.com<\/a><\/p>\n<p>Esta p\u00e1gina web no recoge ni almacena datos personales de sus visitantes sin su consentimiento. \u00danicamente, con la finalidad de ofrecerle el mejor servicio a trav\u00e9s de esta p\u00e1gina, y con el objeto de facilitar su uso, se analizan el n\u00famero de p\u00e1ginas visitadas, el n\u00famero de visitas, as\u00ed como la actividad de los diferentes visitantes de la web y su frecuencia de utilizaci\u00f3n. A estos efectos, se utilizan los datos estad\u00edsticos elaborados por el Proveedor de Servicios de Internet de <a href=\"https:\/\/protestsurfcenter.com\/\">protestsurfcenter.com<\/a>. Con esta informaci\u00f3n se analiza la frecuencia de uso de la web de \u201cOCEAN SPIRIT SLU \/ PROTEST SURFCENTER\u201d a partir de los datos de conexi\u00f3n, y las secciones mas visitadas.<\/p>\n<p>Esta pol\u00edtica de privacidad s\u00f3lo es de aplicaci\u00f3n a la p\u00e1gina web de <a href=\"https:\/\/protestsurfcenter.com\/\">protestsurfcenter.com<\/a> no se garantiza en los accesos a trav\u00e9s de enlaces con este sitio, ni a los enlaces desde este sitio con otras webs.<\/p>\n<p>Queda prohibida la reproducci\u00f3n total o parcial, incluso el volcado del contenido a cualquier soporte, sin expresa autorizaci\u00f3n del \u201cOCEAN SPIRIT SLU \/ PROTEST SURFCENTER\u201d.<\/p>\n<p>[\/et_pb_text][\/et_pb_column][\/et_pb_row][\/et_pb_section]<\/p>\n","protected":false},"excerpt":{"rendered":"<p>CONFIDENCIALIDAD Y POL\u00cdTICA DE PRIVACIDAD OCEAN SPIRIT SLU \/ PROTEST SURFCENTER, a trav\u00e9s de su web protestsurfcenter.com solicita al Usuario ciertos datos de car\u00e1cter personal. Los datos suministrados por el Usuario quedar\u00e1n incorporados a un fichero automatizado o no de datos de car\u00e1cter personal, titularidad de OCEAN SPIRIT SLU, el cual ser\u00e1 procesado con el [&hellip;]<\/p>\n","protected":false},"author":1,"featured_media":0,"parent":0,"menu_order":0,"comment_status":"closed","ping_status":"open","template":"","meta":{"_et_pb_use_builder":"on","_et_pb_old_content":"","_et_gb_content_width":"","footnotes":""},"class_list":["post-2613","page","type-page","status-publish","hentry"],"yoast_head":"<!-- This site is optimized with the Yoast SEO plugin v26.3 - https:\/\/yoast.com\/wordpress\/plugins\/seo\/ -->\n<title>Pol\u00edtica de privacidad | Protest Surfcenter<\/title>\n<meta name=\"robots\" content=\"index, follow, max-snippet:-1, max-image-preview:large, max-video-preview:-1\" \/>\n<link rel=\"canonical\" href=\"https:\/\/protestsurfcenter.com\/es\/politica-de-privacidad\/\" \/>\n<meta property=\"og:locale\" content=\"es_ES\" \/>\n<meta property=\"og:type\" content=\"article\" \/>\n<meta property=\"og:title\" content=\"Pol\u00edtica de privacidad | Protest Surfcenter\" \/>\n<meta property=\"og:description\" content=\"CONFIDENCIALIDAD Y POL\u00cdTICA DE PRIVACIDAD OCEAN SPIRIT SLU \/ PROTEST SURFCENTER, a trav\u00e9s de su web protestsurfcenter.com solicita al Usuario ciertos datos de car\u00e1cter personal. Los datos suministrados por el Usuario quedar\u00e1n incorporados a un fichero automatizado o no de datos de car\u00e1cter personal, titularidad de OCEAN SPIRIT SLU, el cual ser\u00e1 procesado con el [&hellip;]\" \/>\n<meta property=\"og:url\" content=\"https:\/\/protestsurfcenter.com\/es\/politica-de-privacidad\/\" \/>\n<meta property=\"og:site_name\" content=\"Protest Surfcenter\" \/>\n<meta property=\"article:modified_time\" content=\"2024-07-18T09:35:07+00:00\" \/>\n<meta name=\"twitter:card\" content=\"summary_large_image\" \/>\n<meta name=\"twitter:label1\" content=\"Tiempo de lectura\" \/>\n\t<meta name=\"twitter:data1\" content=\"4 minutos\" \/>\n<script type=\"application\/ld+json\" class=\"yoast-schema-graph\">{\"@context\":\"https:\/\/schema.org\",\"@graph\":[{\"@type\":\"WebPage\",\"@id\":\"https:\/\/protestsurfcenter.com\/es\/politica-de-privacidad\/\",\"url\":\"https:\/\/protestsurfcenter.com\/es\/politica-de-privacidad\/\",\"name\":\"Pol\u00edtica de privacidad | Protest Surfcenter\",\"isPartOf\":{\"@id\":\"https:\/\/protestsurfcenter.com\/es\/#website\"},\"datePublished\":\"2024-03-18T11:43:38+00:00\",\"dateModified\":\"2024-07-18T09:35:07+00:00\",\"breadcrumb\":{\"@id\":\"https:\/\/protestsurfcenter.com\/es\/politica-de-privacidad\/#breadcrumb\"},\"inLanguage\":\"es\",\"potentialAction\":[{\"@type\":\"ReadAction\",\"target\":[\"https:\/\/protestsurfcenter.com\/es\/politica-de-privacidad\/\"]}]},{\"@type\":\"BreadcrumbList\",\"@id\":\"https:\/\/protestsurfcenter.com\/es\/politica-de-privacidad\/#breadcrumb\",\"itemListElement\":[{\"@type\":\"ListItem\",\"position\":1,\"name\":\"Home\",\"item\":\"https:\/\/protestsurfcenter.com\/es\/\"},{\"@type\":\"ListItem\",\"position\":2,\"name\":\"Pol\u00edtica de privacidad\"}]},{\"@type\":\"WebSite\",\"@id\":\"https:\/\/protestsurfcenter.com\/es\/#website\",\"url\":\"https:\/\/protestsurfcenter.com\/es\/\",\"name\":\"Protest Surfcenter\",\"description\":\"Surfschool - Shop &amp; Surfcamp in Fuerteventura\",\"potentialAction\":[{\"@type\":\"SearchAction\",\"target\":{\"@type\":\"EntryPoint\",\"urlTemplate\":\"https:\/\/protestsurfcenter.com\/es\/?s={search_term_string}\"},\"query-input\":{\"@type\":\"PropertyValueSpecification\",\"valueRequired\":true,\"valueName\":\"search_term_string\"}}],\"inLanguage\":\"es\"}]}<\/script>\n<!-- \/ Yoast SEO plugin. -->","yoast_head_json":{"title":"Pol\u00edtica de privacidad | Protest Surfcenter","robots":{"index":"index","follow":"follow","max-snippet":"max-snippet:-1","max-image-preview":"max-image-preview:large","max-video-preview":"max-video-preview:-1"},"canonical":"https:\/\/protestsurfcenter.com\/es\/politica-de-privacidad\/","og_locale":"es_ES","og_type":"article","og_title":"Pol\u00edtica de privacidad | Protest Surfcenter","og_description":"CONFIDENCIALIDAD Y POL\u00cdTICA DE PRIVACIDAD OCEAN SPIRIT SLU \/ PROTEST SURFCENTER, a trav\u00e9s de su web protestsurfcenter.com solicita al Usuario ciertos datos de car\u00e1cter personal. Los datos suministrados por el Usuario quedar\u00e1n incorporados a un fichero automatizado o no de datos de car\u00e1cter personal, titularidad de OCEAN SPIRIT SLU, el cual ser\u00e1 procesado con el [&hellip;]","og_url":"https:\/\/protestsurfcenter.com\/es\/politica-de-privacidad\/","og_site_name":"Protest Surfcenter","article_modified_time":"2024-07-18T09:35:07+00:00","twitter_card":"summary_large_image","twitter_misc":{"Tiempo de lectura":"4 minutos"},"schema":{"@context":"https:\/\/schema.org","@graph":[{"@type":"WebPage","@id":"https:\/\/protestsurfcenter.com\/es\/politica-de-privacidad\/","url":"https:\/\/protestsurfcenter.com\/es\/politica-de-privacidad\/","name":"Pol\u00edtica de privacidad | Protest Surfcenter","isPartOf":{"@id":"https:\/\/protestsurfcenter.com\/es\/#website"},"datePublished":"2024-03-18T11:43:38+00:00","dateModified":"2024-07-18T09:35:07+00:00","breadcrumb":{"@id":"https:\/\/protestsurfcenter.com\/es\/politica-de-privacidad\/#breadcrumb"},"inLanguage":"es","potentialAction":[{"@type":"ReadAction","target":["https:\/\/protestsurfcenter.com\/es\/politica-de-privacidad\/"]}]},{"@type":"BreadcrumbList","@id":"https:\/\/protestsurfcenter.com\/es\/politica-de-privacidad\/#breadcrumb","itemListElement":[{"@type":"ListItem","position":1,"name":"Home","item":"https:\/\/protestsurfcenter.com\/es\/"},{"@type":"ListItem","position":2,"name":"Pol\u00edtica de privacidad"}]},{"@type":"WebSite","@id":"https:\/\/protestsurfcenter.com\/es\/#website","url":"https:\/\/protestsurfcenter.com\/es\/","name":"Protest Surfcenter","description":"Surfschool - Shop &amp; Surfcamp in Fuerteventura","potentialAction":[{"@type":"SearchAction","target":{"@type":"EntryPoint","urlTemplate":"https:\/\/protestsurfcenter.com\/es\/?s={search_term_string}"},"query-input":{"@type":"PropertyValueSpecification","valueRequired":true,"valueName":"search_term_string"}}],"inLanguage":"es"}]}},"_links":{"self":[{"href":"https:\/\/protestsurfcenter.com\/es\/wp-json\/wp\/v2\/pages\/2613","targetHints":{"allow":["GET"]}}],"collection":[{"href":"https:\/\/protestsurfcenter.com\/es\/wp-json\/wp\/v2\/pages"}],"about":[{"href":"https:\/\/protestsurfcenter.com\/es\/wp-json\/wp\/v2\/types\/page"}],"author":[{"embeddable":true,"href":"https:\/\/protestsurfcenter.com\/es\/wp-json\/wp\/v2\/users\/1"}],"replies":[{"embeddable":true,"href":"https:\/\/protestsurfcenter.com\/es\/wp-json\/wp\/v2\/comments?post=2613"}],"version-history":[{"count":3,"href":"https:\/\/protestsurfcenter.com\/es\/wp-json\/wp\/v2\/pages\/2613\/revisions"}],"predecessor-version":[{"id":2643,"href":"https:\/\/protestsurfcenter.com\/es\/wp-json\/wp\/v2\/pages\/2613\/revisions\/2643"}],"wp:attachment":[{"href":"https:\/\/protestsurfcenter.com\/es\/wp-json\/wp\/v2\/media?parent=2613"}],"curies":[{"name":"wp","href":"https:\/\/api.w.org\/{rel}","templated":true}]}}