{"id":2619,"date":"2024-05-13T11:03:10","date_gmt":"2024-05-13T11:03:10","guid":{"rendered":"https:\/\/protestsurfcenter.com\/condiciones-de-reserva\/"},"modified":"2024-07-18T09:29:10","modified_gmt":"2024-07-18T09:29:10","slug":"condiciones-de-reserva","status":"publish","type":"page","link":"https:\/\/protestsurfcenter.com\/es\/condiciones-de-reserva\/","title":{"rendered":"Condiciones de reserva"},"content":{"rendered":"<p>[et_pb_section fb_built=\u00bb1&#8243; _builder_version=\u00bb4.25.1&#8243; _module_preset=\u00bbdefault\u00bb global_colors_info=\u00bb{}\u00bb][et_pb_row _builder_version=\u00bb4.25.1&#8243; _module_preset=\u00bbdefault\u00bb global_colors_info=\u00bb{}\u00bb][et_pb_column type=\u00bb4_4&#8243; _builder_version=\u00bb4.25.1&#8243; _module_preset=\u00bbdefault\u00bb global_colors_info=\u00bb{}\u00bb][et_pb_text _builder_version=\u00bb4.26.0&#8243; _module_preset=\u00bbdefault\u00bb text_font=\u00bb|300|||||||\u00bb text_font_size=\u00bb18px\u00bb text_line_height=\u00bb1.4em\u00bb header_font_size_tablet=\u00bb\u00bb header_font_size_phone=\u00bb40px\u00bb header_font_size_last_edited=\u00bbon|phone\u00bb header_2_font_size_tablet=\u00bb\u00bb header_2_font_size_phone=\u00bb30px\u00bb header_2_font_size_last_edited=\u00bbon|phone\u00bb global_colors_info=\u00bb{}\u00bb]<\/p>\n<h1>Condiciones de reserva<\/h1>\n<p>Estas son nuestras condiciones de reserva.<\/p>\n<h2>NUESTROS DATOS<\/h2>\n<p>Las siguientes condiciones regulan la venta de los productos presentados en este Sitio Web por la empresa:<\/p>\n<p>OCEAN SPIRIT SLU<br \/>B76214238<br \/>Calle Pedro y Guy Vandaele 19<br \/>35660 Corralejo<\/p>\n<h2>RESERVAS DE CURSOS DE SURF<\/h2>\n<p>Requerimos un dep\u00f3sito del 20% en el momento de la reserva con el saldo restante 7 d\u00edas antes de la fecha de inicio del curso de surf.<\/p>\n<h2>POL\u00cdTICA DE CAMBIOS O CANCELACIONES CURSOS DE SURF<\/h2>\n<p>Puedes cambiar (seg\u00fan disponibilidad) o cancelar tus clases de surf hasta 48hrs antes de la clase prevista, contactando con nuestro Protest Surfcenter por mail <a href=\"mailto:info@protestsurfcenter.com\">info@protestsurfcenter.com<\/a>, o a trav\u00e9s de tel\u00e9fono o whatsapp +34\/661644992 . Si cancelas a tiempo recibir\u00e1s un vale por el importe cancelado para utilizar en futuras clases o para consumir en nuestra tienda de Surf. Si cancelas hasta 7 d\u00edas antes de tu llegada podr\u00e1s elegir entre obtener un vale por el importe de tu dep\u00f3sito para futuras visitas, o bien obtener la devoluci\u00f3n de tu importe cancelado menos un coste administrativo de 30 euros m\u00e1s gastos de transferencia bancaria por reserva. En el caso de cancelaciones con menos de 48 horas de antelaci\u00f3n a la clase prevista, el dep\u00f3sito no es reembolsable.<\/p>\n<h2>RESERVAS CON ALOJAMIENTO<\/h2>\n<p>Requerimos un dep\u00f3sito del 20% en el momento de la reserva y el saldo restante 14 d\u00edas antes de la fecha de llegada. Los hu\u00e9spedes deben ser mayores de 18 a\u00f1os para alojarse en nuestros alojamientos.<\/p>\n<h2>POL\u00cdTICA DE CANCELACI\u00d3N ALOJAMIENTO CON O SIN CURSO DE SURF<\/h2>\n<p>Puedes cambiar (seg\u00fan disponibilidad) o cancelar tu reserva hasta 14 d\u00edas antes de la llegada, poni\u00e9ndote en contacto con nuestro Protest Surfcenter por mail <a href=\"mailto:info@protestsurfcenter.com\">info@protestsurfcenter.com<\/a>, o a trav\u00e9s de tel\u00e9fono o whatsapp +34\/661644992 . Protest Surfcenter har\u00e1 todo lo posible para organizar cualquier cambio solicitado despu\u00e9s de que la reserva haya sido confirmada, siempre que sea m\u00e1s de 14 d\u00edas antes de la fecha de llegada. Los cambios est\u00e1n sujetos a la disponibilidad del curso y de las habitaciones.<\/p>\n<p>En el caso de cancelaciones con m\u00e1s de 14 d\u00edas de antelaci\u00f3n a la fecha de llegada, el dep\u00f3sito no es reembolsable. En el caso de cancelaciones desde 14 d\u00edas antes de la fecha de llegada hasta 5 d\u00edas antes de la fecha de llegada se cargar\u00e1 el 50% del importe total. En el caso de cancelaciones con menos de 5 d\u00edas de antelaci\u00f3n a la fecha de llegada, no se reembolsar\u00e1 el importe total.<\/p>\n<h2>PARTICIPACI\u00d3N EN EL CURSO DE SURF, RESPONSABILIDAD Y OTRA INFORMACI\u00d3N IMPORTANTE<\/h2>\n<p>La actividad del surf conlleva un cierto grado de riesgo tanto para las personas como para los bienes, incluso si se practica bajo la supervisi\u00f3n adecuada de instructores cualificados. Tambi\u00e9n es una actividad extenuante que requiere que los participantes tengan un nivel razonable de nataci\u00f3n y forma f\u00edsica. Por lo tanto, todos los participantes deben comunicarnos en el formulario de reserva, en el momento de efectuar la misma, cualquier afecci\u00f3n m\u00e9dica, enfermedad o alergia que padezcan, as\u00ed como cualquier medicaci\u00f3n prescrita que est\u00e9n tomando. Nadie debe participar si tiene una condici\u00f3n m\u00e9dica como, por ejemplo, estar embarazada. Es responsabilidad del participante con una condici\u00f3n m\u00e9dica consultar con su m\u00e9dico para averiguar si el surf \/ la aptitud de surf est\u00e1 dentro de los par\u00e1metros f\u00edsicos y mentales de los clientes.<\/p>\n<p>Todos los miembros del curso deben ser capaces de nadar al menos 50 metros y en ning\u00fan caso deben estar bajo la influencia del alcohol, drogas o medicamentos en el momento de la lecci\u00f3n que puedan afectar negativamente a sus capacidades f\u00edsicas. Todos los miembros del curso deben aceptar acatar todas las instrucciones y decisiones que OCEAN SPIRIT \/ PROTEST SURFSCHOOL y sus instructores tomen con el fin de garantizar la seguridad y comodidad de todos los participantes. Los miembros del curso tendr\u00e1n el uso del equipo de OCEAN SPIRIT \/ PROTEST SURFSCHOOL durante sus lecciones. Mientras que OCEAN SPIRIT \/ PROTEST SURFSCHOOL toma todas las medidas razonables para garantizar la seguridad y el buen estado de dicho equipo, los miembros del curso son responsables de informar inmediatamente de cualquier da\u00f1o causado al equipo mientras \u00e9ste est\u00e9 en su posesi\u00f3n.<\/p>\n<p>OCEAN SPIRIT \/ PROTEST SURFSCHOOL no pretende limitar o excluir cualquier responsabilidad por da\u00f1os personales o p\u00e9rdida de la vida que pueda ocurrir como resultado de su propia negligencia o la de sus empleados. Sin embargo, OCEAN SPIRIT \/ PROTEST SURFSCHOOL no asume ninguna responsabilidad con respecto a cualquier lesi\u00f3n personal, p\u00e9rdida, da\u00f1o, p\u00e9rdida consecuencial o reclamaciones de terceros que se produzcan sin culpa propia o de sus empleados. Todas las dem\u00e1s responsabilidades o condiciones impl\u00edcitas por ley quedan excluidas en la mayor medida posible.<\/p>\n<h2>CONDICIONES DE ALQUILER Y RESPONSABILIDAD<\/h2>\n<p>El surf es un deporte extremo que implica riesgo de lesiones o incluso de muerte. Aunque OCEAN SPIRIT \/ PROTEST SURFSCHOOL toma todas las medidas razonables para garantizar la seguridad y el buen estado del equipo de alquiler, y siempre recomendar\u00e1 a sus clientes algunos lugares donde sea seguro practicar, OCEAN SPIRIT \/ PROTEST SURFSCHOOL no asume ninguna responsabilidad con respecto a cualquier lesi\u00f3n personal, p\u00e9rdida, da\u00f1o, p\u00e9rdida consecuencial o reclamaciones de terceros que se produzcan sin culpa suya o de sus empleados. Existe un riesgo de negligencia por parte de OCEAN SPIRIT \/ PROTEST SURFSCHOOL que incluye el hecho de no salvaguardar, proteger y advertir a sus clientes de los riesgos, peligros y peligros del surf. Todas las dem\u00e1s responsabilidades o condiciones impl\u00edcitas en la ley quedan excluidas en la mayor medida posible.<\/p>\n<p>En el momento del alquiler se establece una fianza por el material alquilado. Es responsabilidad del cliente comprobar el material alquilado antes de abandonar las instalaciones de OCEAN SPIRIT \/ PROTEST SURFSCHOOL. Una vez fuera todos los da\u00f1os u otras p\u00e9rdidas son responsabilidad del cliente. Cuando el material est\u00e9 da\u00f1ado se fijar\u00e1 un precio justo por parte de los empleados de OCEAN SPIRIT \/ PROTEST SURFSCHOOL que cubra la reparaci\u00f3n y las eventuales p\u00e9rdidas por no poder alquilar el material durante la reparaci\u00f3n. Si se rompe por la mitad o en caso de robo se cobrar\u00e1 el dep\u00f3sito completo.<\/p>\n<h2>CONDICIONES DE SURF<\/h2>\n<p>En el raro caso de que OCEAN SPIRIT \/ PROTEST SURFSCHOOL considere que las condiciones del mar\/tiempo no son adecuadas para la instrucci\u00f3n de surf, se emitir\u00e1 un vale de cr\u00e9dito para futuras lecciones o para consumir en nuestra tienda de surf. El cr\u00e9dito para cualquier lecci\u00f3n adeudada se puede utilizar en el plazo de un a\u00f1o a partir de la fecha de la lecci\u00f3n cancelada. Las clases que se adeuden deben reservarse con antelaci\u00f3n y est\u00e1n sujetas a disponibilidad. No se efectuar\u00e1n reembolsos. El tiempo y las condiciones de surf no tienen ning\u00fan impacto en los alquileres, todos los d\u00edas de alquiler deben ser pagados tanto si se ha surfeado como si no.<\/p>\n<h2>EXACTITUD DEL FOLLETO Y DEL SITIO WEB<\/h2>\n<p>OCEAN SPIRIT \/ PROTEST SURFSCHOOL no se hace responsable de cualquier error u omisi\u00f3n que pueda contener, o cualquier discrepancia menor entre el folleto o el contenido de los sitios web y ese servicio.<\/p>\n<p>[\/et_pb_text][\/et_pb_column][\/et_pb_row][\/et_pb_section]<\/p>\n","protected":false},"excerpt":{"rendered":"<p>Condiciones de reserva Estas son nuestras condiciones de reserva. NUESTROS DATOS Las siguientes condiciones regulan la venta de los productos presentados en este Sitio Web por la empresa: OCEAN SPIRIT SLUB76214238Calle Pedro y Guy Vandaele 1935660 Corralejo RESERVAS DE CURSOS DE SURF Requerimos un dep\u00f3sito del 20% en el momento de la reserva con el [&hellip;]<\/p>\n","protected":false},"author":1,"featured_media":0,"parent":0,"menu_order":0,"comment_status":"closed","ping_status":"closed","template":"","meta":{"_et_pb_use_builder":"on","_et_pb_old_content":"","_et_gb_content_width":"","footnotes":""},"class_list":["post-2619","page","type-page","status-publish","hentry"],"yoast_head":"<!-- This site is optimized with the Yoast SEO plugin v26.3 - https:\/\/yoast.com\/wordpress\/plugins\/seo\/ -->\n<title>Condiciones de reserva | Protest Surfcenter<\/title>\n<meta name=\"robots\" content=\"index, follow, max-snippet:-1, max-image-preview:large, max-video-preview:-1\" \/>\n<link rel=\"canonical\" href=\"https:\/\/protestsurfcenter.com\/es\/condiciones-de-reserva\/\" \/>\n<meta property=\"og:locale\" content=\"es_ES\" \/>\n<meta property=\"og:type\" content=\"article\" \/>\n<meta property=\"og:title\" content=\"Condiciones de reserva | Protest Surfcenter\" \/>\n<meta property=\"og:description\" content=\"Condiciones de reserva Estas son nuestras condiciones de reserva. NUESTROS DATOS Las siguientes condiciones regulan la venta de los productos presentados en este Sitio Web por la empresa: OCEAN SPIRIT SLUB76214238Calle Pedro y Guy Vandaele 1935660 Corralejo RESERVAS DE CURSOS DE SURF Requerimos un dep\u00f3sito del 20% en el momento de la reserva con el [&hellip;]\" \/>\n<meta property=\"og:url\" content=\"https:\/\/protestsurfcenter.com\/es\/condiciones-de-reserva\/\" \/>\n<meta property=\"og:site_name\" content=\"Protest Surfcenter\" \/>\n<meta property=\"article:modified_time\" content=\"2024-07-18T09:29:10+00:00\" \/>\n<meta name=\"twitter:card\" content=\"summary_large_image\" \/>\n<meta name=\"twitter:label1\" content=\"Tiempo de lectura\" \/>\n\t<meta name=\"twitter:data1\" content=\"7 minutos\" \/>\n<script type=\"application\/ld+json\" class=\"yoast-schema-graph\">{\"@context\":\"https:\/\/schema.org\",\"@graph\":[{\"@type\":\"WebPage\",\"@id\":\"https:\/\/protestsurfcenter.com\/es\/condiciones-de-reserva\/\",\"url\":\"https:\/\/protestsurfcenter.com\/es\/condiciones-de-reserva\/\",\"name\":\"Condiciones de reserva | Protest Surfcenter\",\"isPartOf\":{\"@id\":\"https:\/\/protestsurfcenter.com\/es\/#website\"},\"datePublished\":\"2024-05-13T11:03:10+00:00\",\"dateModified\":\"2024-07-18T09:29:10+00:00\",\"breadcrumb\":{\"@id\":\"https:\/\/protestsurfcenter.com\/es\/condiciones-de-reserva\/#breadcrumb\"},\"inLanguage\":\"es\",\"potentialAction\":[{\"@type\":\"ReadAction\",\"target\":[\"https:\/\/protestsurfcenter.com\/es\/condiciones-de-reserva\/\"]}]},{\"@type\":\"BreadcrumbList\",\"@id\":\"https:\/\/protestsurfcenter.com\/es\/condiciones-de-reserva\/#breadcrumb\",\"itemListElement\":[{\"@type\":\"ListItem\",\"position\":1,\"name\":\"Home\",\"item\":\"https:\/\/protestsurfcenter.com\/es\/\"},{\"@type\":\"ListItem\",\"position\":2,\"name\":\"Condiciones de reserva\"}]},{\"@type\":\"WebSite\",\"@id\":\"https:\/\/protestsurfcenter.com\/es\/#website\",\"url\":\"https:\/\/protestsurfcenter.com\/es\/\",\"name\":\"Protest Surfcenter\",\"description\":\"Surfschool - Shop &amp; Surfcamp in Fuerteventura\",\"potentialAction\":[{\"@type\":\"SearchAction\",\"target\":{\"@type\":\"EntryPoint\",\"urlTemplate\":\"https:\/\/protestsurfcenter.com\/es\/?s={search_term_string}\"},\"query-input\":{\"@type\":\"PropertyValueSpecification\",\"valueRequired\":true,\"valueName\":\"search_term_string\"}}],\"inLanguage\":\"es\"}]}<\/script>\n<!-- \/ Yoast SEO plugin. -->","yoast_head_json":{"title":"Condiciones de reserva | Protest Surfcenter","robots":{"index":"index","follow":"follow","max-snippet":"max-snippet:-1","max-image-preview":"max-image-preview:large","max-video-preview":"max-video-preview:-1"},"canonical":"https:\/\/protestsurfcenter.com\/es\/condiciones-de-reserva\/","og_locale":"es_ES","og_type":"article","og_title":"Condiciones de reserva | Protest Surfcenter","og_description":"Condiciones de reserva Estas son nuestras condiciones de reserva. NUESTROS DATOS Las siguientes condiciones regulan la venta de los productos presentados en este Sitio Web por la empresa: OCEAN SPIRIT SLUB76214238Calle Pedro y Guy Vandaele 1935660 Corralejo RESERVAS DE CURSOS DE SURF Requerimos un dep\u00f3sito del 20% en el momento de la reserva con el [&hellip;]","og_url":"https:\/\/protestsurfcenter.com\/es\/condiciones-de-reserva\/","og_site_name":"Protest Surfcenter","article_modified_time":"2024-07-18T09:29:10+00:00","twitter_card":"summary_large_image","twitter_misc":{"Tiempo de lectura":"7 minutos"},"schema":{"@context":"https:\/\/schema.org","@graph":[{"@type":"WebPage","@id":"https:\/\/protestsurfcenter.com\/es\/condiciones-de-reserva\/","url":"https:\/\/protestsurfcenter.com\/es\/condiciones-de-reserva\/","name":"Condiciones de reserva | Protest Surfcenter","isPartOf":{"@id":"https:\/\/protestsurfcenter.com\/es\/#website"},"datePublished":"2024-05-13T11:03:10+00:00","dateModified":"2024-07-18T09:29:10+00:00","breadcrumb":{"@id":"https:\/\/protestsurfcenter.com\/es\/condiciones-de-reserva\/#breadcrumb"},"inLanguage":"es","potentialAction":[{"@type":"ReadAction","target":["https:\/\/protestsurfcenter.com\/es\/condiciones-de-reserva\/"]}]},{"@type":"BreadcrumbList","@id":"https:\/\/protestsurfcenter.com\/es\/condiciones-de-reserva\/#breadcrumb","itemListElement":[{"@type":"ListItem","position":1,"name":"Home","item":"https:\/\/protestsurfcenter.com\/es\/"},{"@type":"ListItem","position":2,"name":"Condiciones de reserva"}]},{"@type":"WebSite","@id":"https:\/\/protestsurfcenter.com\/es\/#website","url":"https:\/\/protestsurfcenter.com\/es\/","name":"Protest Surfcenter","description":"Surfschool - Shop &amp; Surfcamp in Fuerteventura","potentialAction":[{"@type":"SearchAction","target":{"@type":"EntryPoint","urlTemplate":"https:\/\/protestsurfcenter.com\/es\/?s={search_term_string}"},"query-input":{"@type":"PropertyValueSpecification","valueRequired":true,"valueName":"search_term_string"}}],"inLanguage":"es"}]}},"_links":{"self":[{"href":"https:\/\/protestsurfcenter.com\/es\/wp-json\/wp\/v2\/pages\/2619","targetHints":{"allow":["GET"]}}],"collection":[{"href":"https:\/\/protestsurfcenter.com\/es\/wp-json\/wp\/v2\/pages"}],"about":[{"href":"https:\/\/protestsurfcenter.com\/es\/wp-json\/wp\/v2\/types\/page"}],"author":[{"embeddable":true,"href":"https:\/\/protestsurfcenter.com\/es\/wp-json\/wp\/v2\/users\/1"}],"replies":[{"embeddable":true,"href":"https:\/\/protestsurfcenter.com\/es\/wp-json\/wp\/v2\/comments?post=2619"}],"version-history":[{"count":3,"href":"https:\/\/protestsurfcenter.com\/es\/wp-json\/wp\/v2\/pages\/2619\/revisions"}],"predecessor-version":[{"id":2639,"href":"https:\/\/protestsurfcenter.com\/es\/wp-json\/wp\/v2\/pages\/2619\/revisions\/2639"}],"wp:attachment":[{"href":"https:\/\/protestsurfcenter.com\/es\/wp-json\/wp\/v2\/media?parent=2619"}],"curies":[{"name":"wp","href":"https:\/\/api.w.org\/{rel}","templated":true}]}}