{"id":3098,"date":"2024-05-13T11:03:10","date_gmt":"2024-05-13T11:03:10","guid":{"rendered":"https:\/\/protestsurfcenter.com\/termini-e-condizioni-di-prenotazione\/"},"modified":"2024-09-10T14:06:30","modified_gmt":"2024-09-10T14:06:30","slug":"termini-e-condizioni-di-prenotazione","status":"publish","type":"page","link":"https:\/\/protestsurfcenter.com\/it\/termini-e-condizioni-di-prenotazione\/","title":{"rendered":"Termini e condizioni di prenotazione"},"content":{"rendered":"<p>[et_pb_section fb_built=&#8221;1&#8243; _builder_version=&#8221;4.25.1&#8243; _module_preset=&#8221;default&#8221; global_colors_info=&#8221;{}&#8221;][et_pb_row _builder_version=&#8221;4.25.1&#8243; _module_preset=&#8221;default&#8221; global_colors_info=&#8221;{}&#8221;][et_pb_column type=&#8221;4_4&#8243; _builder_version=&#8221;4.25.1&#8243; _module_preset=&#8221;default&#8221; global_colors_info=&#8221;{}&#8221;][et_pb_text _builder_version=&#8221;4.26.0&#8243; _module_preset=&#8221;default&#8221; text_font=&#8221;|300|||||||&#8221; text_font_size=&#8221;18px&#8221; text_line_height=&#8221;1.4em&#8221; header_font_size_tablet=&#8221;&#8221; header_font_size_phone=&#8221;40px&#8221; header_font_size_last_edited=&#8221;on|phone&#8221; header_2_font_size_tablet=&#8221;&#8221; header_2_font_size_phone=&#8221;30px&#8221; header_2_font_size_last_edited=&#8221;on|phone&#8221; global_colors_info=&#8221;{}&#8221;]<\/p>\n<h1>Termini e condizioni di prenotazione<\/h1>\n<p>Queste sono le nostre condizioni di prenotazione.<\/p>\n<h2>I NOSTRI DATI<\/h2>\n<p>Le seguenti condizioni regolano la vendita dei prodotti presentati su questo Sito Web dalla societ\u00e0:<\/p>\n<p>OCEAN SPIRIT SLU<br \/>B76214238<br \/>Calle Pedro y Guy Vandaele 19<br \/>35660 Corralejo<\/p>\n<h2>PRENOTAZIONI DI CORSI DI SURF<\/h2>\n<p>Al momento della prenotazione \u00e8 richiesto un deposito del 20%, mentre il saldo deve essere versato 7 giorni prima della data di inizio del corso di surf.<\/p>\n<h2>MODIFICHE O CANCELLAZIONE DELLE LEZIONI DI SURF<\/h2>\n<p>\u00c8 possibile modificare (previa disponibilit\u00e0) o cancellare le lezioni di surf fino a 48 ore prima della lezione prevista, contattando il nostro Protest Surfcenter via mail <a href=\"mailto:info@protestsurfcenter.com\">info@protestsurfcenter.com<\/a>, o via telefono o whatsapp +34\/661644992 . In caso di cancellazione in tempo utile, riceverete un buono per l&#8217;importo cancellato da utilizzare per lezioni future o da consumare nel nostro Surf shop. In caso di cancellazione fino a 7 giorni prima dell&#8217;arrivo, si pu\u00f2 scegliere di ottenere un buono per l&#8217;importo del deposito per visite future, o di ottenere il rimborso dell&#8217;importo cancellato meno un costo amministrativo di 30 euro pi\u00f9 le spese di bonifico bancario per prenotazione. In caso di cancellazioni effettuate meno di 48 ore prima della lezione prevista, il deposito non \u00e8 rimborsabile.   <\/p>\n<h2>PRENOTAZIONI CON ALLOGGIO<\/h2>\n<p>Al momento della prenotazione \u00e8 richiesto un deposito del 20%, mentre il saldo deve essere versato 14 giorni prima della data di arrivo. Gli ospiti devono avere pi\u00f9 di 18 anni per soggiornare nei nostri alloggi. <\/p>\n<h2>POLITICA DI CANCELLAZIONE ALLOGGIO CON O SENZA CORSO DI SURF<\/h2>\n<p>\u00c8 possibile modificare (previa disponibilit\u00e0) o cancellare la prenotazione fino a 14 giorni prima dell&#8217;arrivo, contattando il nostro Protest Surfcenter via mail <a href=\"mailto:info@protestsurfcenter.com\">info@protestsurfcenter.com<\/a>, o via telefono o whatsapp +34\/661644992 . Il Protest Surfcenter far\u00e0 il possibile per organizzare qualsiasi modifica richiesta dopo la conferma della prenotazione, a condizione che questa avvenga pi\u00f9 di 14 giorni prima della data di arrivo. Le modifiche sono soggette alla disponibilit\u00e0 dei corsi e delle camere.  <\/p>\n<p>In caso di cancellazioni effettuate oltre 14 giorni prima della data di arrivo, la caparra non \u00e8 rimborsabile. In caso di cancellazioni da 14 giorni prima dell&#8217;arrivo fino a 5 giorni prima dell&#8217;arrivo, vi verr\u00e0 addebitato il 50% dell&#8217;importo totale. In caso di cancellazioni a meno di 5 giorni dall&#8217;arrivo, l&#8217;intero importo non \u00e8 rimborsabile.  <\/p>\n<h2>PARTECIPAZIONE AL CORSO DI SURF, RESPONSABILIT\u00c0 E ALTRE INFORMAZIONI IMPORTANTI<\/h2>\n<p>L&#8217;attivit\u00e0 del surf comporta un certo grado di rischio sia per le persone che per le cose, anche se praticata sotto l&#8217;adeguata supervisione di istruttori qualificati. Si tratta inoltre di un&#8217;attivit\u00e0 faticosa che richiede a chi vi partecipa un ragionevole livello di nuoto e di forma fisica. Tutti i partecipanti devono quindi informarci di eventuali condizioni mediche, malattie o allergie e di eventuali farmaci prescritti, indicandoli sul modulo di prenotazione al momento della prenotazione. Nessuno deve partecipare se ha una condizione medica come, ad esempio, la gravidanza. Spetta al partecipante con una condizione medica verificare con il proprio medico se il surf e l&#8217;idoneit\u00e0 al surf rientrano nei parametri fisici e mentali del cliente.    <\/p>\n<p>Tutti gli iscritti al corso devono essere in grado di nuotare per almeno 50 metri e non devono in nessun caso essere sotto l&#8217;effetto di alcol, droghe o farmaci al momento della lezione che possano influire negativamente sulle loro capacit\u00e0 fisiche. Tutti gli iscritti al corso devono accettare di rispettare tutte le istruzioni e le decisioni che OCEAN SPIRIT \/ PROTEST SURFSCHOOL e i suoi istruttori prendono per garantire la sicurezza e il comfort di tutti i partecipanti. Gli iscritti al corso avranno a disposizione l&#8217;attrezzatura di OCEAN SPIRIT \/ PROTEST SURFSCHOOL durante le lezioni. Sebbene OCEAN SPIRIT \/ PROTEST SURFSCHOOL adotti tutte le misure ragionevoli per garantire la sicurezza e le buone condizioni di tali attrezzature, gli iscritti al corso sono tenuti a segnalare immediatamente qualsiasi danno causato alle attrezzature mentre queste sono in loro possesso.   <\/p>\n<p>OCEAN SPIRIT \/ PROTEST SURFSCHOOL non intende limitare o escludere alcuna responsabilit\u00e0 per lesioni personali o perdita di vite umane che potrebbero verificarsi a causa della propria negligenza o di quella dei propri dipendenti. Tuttavia, OCEAN SPIRIT \/ PROTEST SURFSCHOOL non si assume alcuna responsabilit\u00e0 in relazione a lesioni personali, perdite, danni, perdite conseguenti o reclami di terzi che si verifichino senza colpa propria o dei suoi dipendenti. Tutte le altre responsabilit\u00e0 o condizioni implicite nella legge sono escluse nella misura pi\u00f9 ampia possibile.  <\/p>\n<h2>CONDIZIONI DI NOLEGGIO E RESPONSABILIT\u00c0<\/h2>\n<p>Il surf \u00e8 uno sport estremo che comporta il rischio di lesioni o addirittura di morte. Sebbene OCEAN SPIRIT \/ PROTEST SURFSCHOOL adotti tutte le misure ragionevoli per garantire la sicurezza e le buone condizioni dell&#8217;attrezzatura noleggiata e consiglier\u00e0 sempre ai propri clienti alcuni spot in cui \u00e8 sicuro praticare, OCEAN SPIRIT \/ PROTEST SURFSCHOOL non si assume alcuna responsabilit\u00e0 in merito a eventuali lesioni personali, perdite, danni, perdite conseguenti o reclami di terzi che si verifichino senza colpa propria o dei propri dipendenti. Esiste il rischio di negligenza da parte di OCEAN SPIRIT \/ PROTEST SURFSCHOOL, compresa l&#8217;omissione di salvaguardare, proteggere e avvertire i propri clienti del rischio, dei pericoli e dei rischi del surf. Tutte le altre responsabilit\u00e0 o condizioni implicite nella legge sono escluse nella misura pi\u00f9 ampia possibile.   <\/p>\n<p>Al momento del noleggio viene fissato un deposito per il materiale noleggiato. \u00c8 responsabilit\u00e0 del cliente controllare il materiale noleggiato prima di lasciare i locali di OCEAN SPIRIT \/ PROTEST SURFSCHOOL. Una volta fuori, tutti i danni o altre perdite sono responsabilit\u00e0 del cliente. In caso di danni al materiale, il personale di OCEAN SPIRIT \/ PROTEST SURFSCHOOL stabilir\u00e0 un prezzo equo che copra la riparazione e le eventuali perdite dovute all&#8217;impossibilit\u00e0 di noleggiare l&#8217;attrezzatura durante la riparazione. In caso di rottura a met\u00e0 o di furto verr\u00e0 addebitato l&#8217;intero deposito.    <\/p>\n<h2>CONDIZIONI DI SURF<\/h2>\n<p>Nel raro caso in cui OCEAN SPIRIT \/ PROTEST SURFSCHOOL ritenga che le condizioni del mare\/meteo non siano adatte all&#8217;insegnamento del surf, verr\u00e0 emesso un buono di credito per lezioni future o da consumare nel nostro surf shop. Il credito per qualsiasi lezione dovuta pu\u00f2 essere utilizzato entro un anno dalla data della lezione cancellata. Le lezioni dovute devono essere prenotate in anticipo e sono soggette a disponibilit\u00e0. Non sono previsti rimborsi. Le condizioni meteorologiche e di surf non hanno alcun impatto sui noleggi, tutti i giorni di noleggio devono essere pagati indipendentemente dal fatto che si navighi o meno.    <\/p>\n<h2>ACCURATEZZA DI BROCHURE E SITI WEB<\/h2>\n<p>Sebbene sia stato fatto ogni sforzo per garantire l&#8217;accuratezza della brochure e del sito web di OCEAN SPIRIT \/ PROTEST SURFSCHOOL, questi sono intesi solo come una guida ai servizi offerti e OCEAN SPIRIT \/ PROTEST SURFSCHOOL \u00e8 sollevata da qualsiasi responsabilit\u00e0 dovuta a errori o omissioni che possono contenere, o a piccole discrepanze tra il contenuto della brochure o del sito web e il servizio.<\/p>\n<p>[\/et_pb_text][\/et_pb_column][\/et_pb_row][\/et_pb_section]<\/p>\n","protected":false},"excerpt":{"rendered":"<p>Termini e condizioni di prenotazione Queste sono le nostre condizioni di prenotazione. I NOSTRI DATI Le seguenti condizioni regolano la vendita dei prodotti presentati su questo Sito Web dalla societ\u00e0: OCEAN SPIRIT SLUB76214238Calle Pedro y Guy Vandaele 1935660 Corralejo PRENOTAZIONI DI CORSI DI SURF Al momento della prenotazione \u00e8 richiesto un deposito del 20%, mentre [&hellip;]<\/p>\n","protected":false},"author":1,"featured_media":0,"parent":0,"menu_order":0,"comment_status":"closed","ping_status":"closed","template":"","meta":{"_et_pb_use_builder":"on","_et_pb_old_content":"","_et_gb_content_width":"","footnotes":""},"class_list":["post-3098","page","type-page","status-publish","hentry"],"yoast_head":"<!-- This site is optimized with the Yoast SEO plugin v26.3 - https:\/\/yoast.com\/wordpress\/plugins\/seo\/ -->\n<title>Termini e condizioni di prenotazione | Protest Surfcenter<\/title>\n<meta name=\"robots\" content=\"index, follow, max-snippet:-1, max-image-preview:large, max-video-preview:-1\" \/>\n<link rel=\"canonical\" href=\"https:\/\/protestsurfcenter.com\/it\/termini-e-condizioni-di-prenotazione\/\" \/>\n<meta property=\"og:locale\" content=\"it_IT\" \/>\n<meta property=\"og:type\" content=\"article\" \/>\n<meta property=\"og:title\" content=\"Termini e condizioni di prenotazione | Protest Surfcenter\" \/>\n<meta property=\"og:description\" content=\"Termini e condizioni di prenotazione Queste sono le nostre condizioni di prenotazione. I NOSTRI DATI Le seguenti condizioni regolano la vendita dei prodotti presentati su questo Sito Web dalla societ\u00e0: OCEAN SPIRIT SLUB76214238Calle Pedro y Guy Vandaele 1935660 Corralejo PRENOTAZIONI DI CORSI DI SURF Al momento della prenotazione \u00e8 richiesto un deposito del 20%, mentre [&hellip;]\" \/>\n<meta property=\"og:url\" content=\"https:\/\/protestsurfcenter.com\/it\/termini-e-condizioni-di-prenotazione\/\" \/>\n<meta property=\"og:site_name\" content=\"Protest Surfcenter\" \/>\n<meta property=\"article:modified_time\" content=\"2024-09-10T14:06:30+00:00\" \/>\n<meta name=\"twitter:card\" content=\"summary_large_image\" \/>\n<meta name=\"twitter:label1\" content=\"Tempo di lettura stimato\" \/>\n\t<meta name=\"twitter:data1\" content=\"6 minuti\" \/>\n<script type=\"application\/ld+json\" class=\"yoast-schema-graph\">{\"@context\":\"https:\/\/schema.org\",\"@graph\":[{\"@type\":\"WebPage\",\"@id\":\"https:\/\/protestsurfcenter.com\/it\/termini-e-condizioni-di-prenotazione\/\",\"url\":\"https:\/\/protestsurfcenter.com\/it\/termini-e-condizioni-di-prenotazione\/\",\"name\":\"Termini e condizioni di prenotazione | Protest Surfcenter\",\"isPartOf\":{\"@id\":\"https:\/\/protestsurfcenter.com\/it\/#website\"},\"datePublished\":\"2024-05-13T11:03:10+00:00\",\"dateModified\":\"2024-09-10T14:06:30+00:00\",\"breadcrumb\":{\"@id\":\"https:\/\/protestsurfcenter.com\/it\/termini-e-condizioni-di-prenotazione\/#breadcrumb\"},\"inLanguage\":\"it-IT\",\"potentialAction\":[{\"@type\":\"ReadAction\",\"target\":[\"https:\/\/protestsurfcenter.com\/it\/termini-e-condizioni-di-prenotazione\/\"]}]},{\"@type\":\"BreadcrumbList\",\"@id\":\"https:\/\/protestsurfcenter.com\/it\/termini-e-condizioni-di-prenotazione\/#breadcrumb\",\"itemListElement\":[{\"@type\":\"ListItem\",\"position\":1,\"name\":\"Home\",\"item\":\"https:\/\/protestsurfcenter.com\/it\/\"},{\"@type\":\"ListItem\",\"position\":2,\"name\":\"Termini e condizioni di prenotazione\"}]},{\"@type\":\"WebSite\",\"@id\":\"https:\/\/protestsurfcenter.com\/it\/#website\",\"url\":\"https:\/\/protestsurfcenter.com\/it\/\",\"name\":\"Protest Surfcenter\",\"description\":\"Surfschool - Shop &amp; Surfcamp in Fuerteventura\",\"potentialAction\":[{\"@type\":\"SearchAction\",\"target\":{\"@type\":\"EntryPoint\",\"urlTemplate\":\"https:\/\/protestsurfcenter.com\/it\/?s={search_term_string}\"},\"query-input\":{\"@type\":\"PropertyValueSpecification\",\"valueRequired\":true,\"valueName\":\"search_term_string\"}}],\"inLanguage\":\"it-IT\"}]}<\/script>\n<!-- \/ Yoast SEO plugin. -->","yoast_head_json":{"title":"Termini e condizioni di prenotazione | Protest Surfcenter","robots":{"index":"index","follow":"follow","max-snippet":"max-snippet:-1","max-image-preview":"max-image-preview:large","max-video-preview":"max-video-preview:-1"},"canonical":"https:\/\/protestsurfcenter.com\/it\/termini-e-condizioni-di-prenotazione\/","og_locale":"it_IT","og_type":"article","og_title":"Termini e condizioni di prenotazione | Protest Surfcenter","og_description":"Termini e condizioni di prenotazione Queste sono le nostre condizioni di prenotazione. I NOSTRI DATI Le seguenti condizioni regolano la vendita dei prodotti presentati su questo Sito Web dalla societ\u00e0: OCEAN SPIRIT SLUB76214238Calle Pedro y Guy Vandaele 1935660 Corralejo PRENOTAZIONI DI CORSI DI SURF Al momento della prenotazione \u00e8 richiesto un deposito del 20%, mentre [&hellip;]","og_url":"https:\/\/protestsurfcenter.com\/it\/termini-e-condizioni-di-prenotazione\/","og_site_name":"Protest Surfcenter","article_modified_time":"2024-09-10T14:06:30+00:00","twitter_card":"summary_large_image","twitter_misc":{"Tempo di lettura stimato":"6 minuti"},"schema":{"@context":"https:\/\/schema.org","@graph":[{"@type":"WebPage","@id":"https:\/\/protestsurfcenter.com\/it\/termini-e-condizioni-di-prenotazione\/","url":"https:\/\/protestsurfcenter.com\/it\/termini-e-condizioni-di-prenotazione\/","name":"Termini e condizioni di prenotazione | Protest Surfcenter","isPartOf":{"@id":"https:\/\/protestsurfcenter.com\/it\/#website"},"datePublished":"2024-05-13T11:03:10+00:00","dateModified":"2024-09-10T14:06:30+00:00","breadcrumb":{"@id":"https:\/\/protestsurfcenter.com\/it\/termini-e-condizioni-di-prenotazione\/#breadcrumb"},"inLanguage":"it-IT","potentialAction":[{"@type":"ReadAction","target":["https:\/\/protestsurfcenter.com\/it\/termini-e-condizioni-di-prenotazione\/"]}]},{"@type":"BreadcrumbList","@id":"https:\/\/protestsurfcenter.com\/it\/termini-e-condizioni-di-prenotazione\/#breadcrumb","itemListElement":[{"@type":"ListItem","position":1,"name":"Home","item":"https:\/\/protestsurfcenter.com\/it\/"},{"@type":"ListItem","position":2,"name":"Termini e condizioni di prenotazione"}]},{"@type":"WebSite","@id":"https:\/\/protestsurfcenter.com\/it\/#website","url":"https:\/\/protestsurfcenter.com\/it\/","name":"Protest Surfcenter","description":"Surfschool - Shop &amp; Surfcamp in Fuerteventura","potentialAction":[{"@type":"SearchAction","target":{"@type":"EntryPoint","urlTemplate":"https:\/\/protestsurfcenter.com\/it\/?s={search_term_string}"},"query-input":{"@type":"PropertyValueSpecification","valueRequired":true,"valueName":"search_term_string"}}],"inLanguage":"it-IT"}]}},"_links":{"self":[{"href":"https:\/\/protestsurfcenter.com\/it\/wp-json\/wp\/v2\/pages\/3098","targetHints":{"allow":["GET"]}}],"collection":[{"href":"https:\/\/protestsurfcenter.com\/it\/wp-json\/wp\/v2\/pages"}],"about":[{"href":"https:\/\/protestsurfcenter.com\/it\/wp-json\/wp\/v2\/types\/page"}],"author":[{"embeddable":true,"href":"https:\/\/protestsurfcenter.com\/it\/wp-json\/wp\/v2\/users\/1"}],"replies":[{"embeddable":true,"href":"https:\/\/protestsurfcenter.com\/it\/wp-json\/wp\/v2\/comments?post=3098"}],"version-history":[{"count":2,"href":"https:\/\/protestsurfcenter.com\/it\/wp-json\/wp\/v2\/pages\/3098\/revisions"}],"predecessor-version":[{"id":3100,"href":"https:\/\/protestsurfcenter.com\/it\/wp-json\/wp\/v2\/pages\/3098\/revisions\/3100"}],"wp:attachment":[{"href":"https:\/\/protestsurfcenter.com\/it\/wp-json\/wp\/v2\/media?parent=3098"}],"curies":[{"name":"wp","href":"https:\/\/api.w.org\/{rel}","templated":true}]}}